{"id":1009,"date":"2023-08-08T03:46:12","date_gmt":"2023-08-08T03:46:12","guid":{"rendered":"https:\/\/cluster.viberdm.com\/internationaltax\/?page_id=1009"},"modified":"2023-08-09T12:38:46","modified_gmt":"2023-08-09T12:38:46","slug":"servicios-en-linea","status":"publish","type":"page","link":"https:\/\/cluster.viberdm.com\/internationaltax\/servicios-en-linea\/","title":{"rendered":"Servicios en l\u00ednea"},"content":{"rendered":"\t\t<div data-elementor-type=\"wp-page\" data-elementor-id=\"1009\" class=\"elementor elementor-1009\" data-elementor-post-type=\"page\">\n\t\t\t\t\t\t<section class=\"elementor-section elementor-top-section elementor-element elementor-element-9535a79 elementor-section-height-min-height elementor-section-boxed elementor-section-height-default elementor-section-items-middle\" data-id=\"9535a79\" data-element_type=\"section\" data-e-type=\"section\" data-settings=\"{&quot;background_background&quot;:&quot;classic&quot;}\">\n\t\t\t\t\t\t<div class=\"elementor-container elementor-column-gap-default\">\n\t\t\t\t\t<div class=\"elementor-column elementor-col-100 elementor-top-column elementor-element elementor-element-dfacc8e\" data-id=\"dfacc8e\" data-element_type=\"column\" data-e-type=\"column\">\n\t\t\t<div class=\"elementor-widget-wrap elementor-element-populated\">\n\t\t\t\t\t\t<div class=\"elementor-element elementor-element-203820d elementor-widget elementor-widget-heading\" data-id=\"203820d\" data-element_type=\"widget\" data-e-type=\"widget\" data-widget_type=\"heading.default\">\n\t\t\t\t<div class=\"elementor-widget-container\">\n\t\t\t\t\t<h1 class=\"elementor-heading-title elementor-size-default\">Servicios en l\u00ednea<\/h1>\t\t\t\t<\/div>\n\t\t\t\t<\/div>\n\t\t\t\t\t<\/div>\n\t\t<\/div>\n\t\t\t\t\t<\/div>\n\t\t<\/section>\n\t\t\t\t<section class=\"elementor-section elementor-top-section elementor-element elementor-element-8140ecb elementor-section-boxed elementor-section-height-default elementor-section-height-default\" data-id=\"8140ecb\" data-element_type=\"section\" data-e-type=\"section\">\n\t\t\t\t\t\t<div class=\"elementor-container elementor-column-gap-wider\">\n\t\t\t\t\t<div class=\"elementor-column elementor-col-33 elementor-top-column elementor-element elementor-element-946aa9d\" data-id=\"946aa9d\" data-element_type=\"column\" data-e-type=\"column\">\n\t\t\t<div class=\"elementor-widget-wrap elementor-element-populated\">\n\t\t\t\t\t\t<div class=\"elementor-element elementor-element-a1cc756 elementor-widget elementor-widget-image\" data-id=\"a1cc756\" data-element_type=\"widget\" data-e-type=\"widget\" data-widget_type=\"image.default\">\n\t\t\t\t<div class=\"elementor-widget-container\">\n\t\t\t\t\t\t\t\t\t\t\t\t\t\t\t<img fetchpriority=\"high\" decoding=\"async\" width=\"730\" height=\"697\" src=\"https:\/\/cluster.viberdm.com\/internationaltax\/wp-content\/uploads\/sites\/3\/2019\/10\/1.png\" class=\"attachment-full size-full wp-image-69\" alt=\"\" srcset=\"https:\/\/cluster.viberdm.com\/internationaltax\/wp-content\/uploads\/sites\/3\/2019\/10\/1.png 730w, https:\/\/cluster.viberdm.com\/internationaltax\/wp-content\/uploads\/sites\/3\/2019\/10\/1-300x286.png 300w\" sizes=\"(max-width: 730px) 100vw, 730px\" \/>\t\t\t\t\t\t\t\t\t\t\t\t\t\t\t<\/div>\n\t\t\t\t<\/div>\n\t\t\t\t\t<\/div>\n\t\t<\/div>\n\t\t\t\t<div class=\"elementor-column elementor-col-66 elementor-top-column elementor-element elementor-element-fd19979\" data-id=\"fd19979\" data-element_type=\"column\" data-e-type=\"column\">\n\t\t\t<div class=\"elementor-widget-wrap elementor-element-populated\">\n\t\t\t\t\t\t<div class=\"elementor-element elementor-element-65d33e7 elementor-widget elementor-widget-heading\" data-id=\"65d33e7\" data-element_type=\"widget\" data-e-type=\"widget\" data-widget_type=\"heading.default\">\n\t\t\t\t<div class=\"elementor-widget-container\">\n\t\t\t\t\t<h2 class=\"elementor-heading-title elementor-size-default\">Aqu\u00ed en Impuestos Internacionales<\/h2>\t\t\t\t<\/div>\n\t\t\t\t<\/div>\n\t\t\t\t<div class=\"elementor-element elementor-element-dd19468 elementor-widget elementor-widget-heading\" data-id=\"dd19468\" data-element_type=\"widget\" data-e-type=\"widget\" data-widget_type=\"heading.default\">\n\t\t\t\t<div class=\"elementor-widget-container\">\n\t\t\t\t\t<h2 class=\"elementor-heading-title elementor-size-default\">\u00a1Tambi\u00e9n ofrecemos servicios en l\u00ednea!<\/h2>\t\t\t\t<\/div>\n\t\t\t\t<\/div>\n\t\t\t\t<div class=\"elementor-element elementor-element-1fbd774 elementor-icon-list--layout-traditional elementor-list-item-link-full_width elementor-widget elementor-widget-icon-list\" data-id=\"1fbd774\" data-element_type=\"widget\" data-e-type=\"widget\" data-widget_type=\"icon-list.default\">\n\t\t\t\t<div class=\"elementor-widget-container\">\n\t\t\t\t\t\t\t<ul class=\"elementor-icon-list-items\">\n\t\t\t\t\t\t\t<li class=\"elementor-icon-list-item\">\n\t\t\t\t\t\t\t\t\t\t\t<span class=\"elementor-icon-list-icon\">\n\t\t\t\t\t\t\t<i aria-hidden=\"true\" class=\"fas fa-dot-circle\"><\/i>\t\t\t\t\t\t<\/span>\n\t\t\t\t\t\t\t\t\t\t<span class=\"elementor-icon-list-text\">N\u00f3mina de sueldos<\/span>\n\t\t\t\t\t\t\t\t\t<\/li>\n\t\t\t\t\t\t\t\t<li class=\"elementor-icon-list-item\">\n\t\t\t\t\t\t\t\t\t\t\t<span class=\"elementor-icon-list-icon\">\n\t\t\t\t\t\t\t<i aria-hidden=\"true\" class=\"fas fa-dot-circle\"><\/i>\t\t\t\t\t\t<\/span>\n\t\t\t\t\t\t\t\t\t\t<span class=\"elementor-icon-list-text\">Preparaci\u00f3n de impuestos sobre la renta<\/span>\n\t\t\t\t\t\t\t\t\t<\/li>\n\t\t\t\t\t\t\t\t<li class=\"elementor-icon-list-item\">\n\t\t\t\t\t\t\t\t\t\t\t<span class=\"elementor-icon-list-icon\">\n\t\t\t\t\t\t\t<i aria-hidden=\"true\" class=\"fas fa-dot-circle\"><\/i>\t\t\t\t\t\t<\/span>\n\t\t\t\t\t\t\t\t\t\t<span class=\"elementor-icon-list-text\">reloj de tiempo<\/span>\n\t\t\t\t\t\t\t\t\t<\/li>\n\t\t\t\t\t\t\t\t<li class=\"elementor-icon-list-item\">\n\t\t\t\t\t\t\t\t\t\t\t<span class=\"elementor-icon-list-icon\">\n\t\t\t\t\t\t\t<i aria-hidden=\"true\" class=\"fas fa-dot-circle\"><\/i>\t\t\t\t\t\t<\/span>\n\t\t\t\t\t\t\t\t\t\t<span class=\"elementor-icon-list-text\">acceso de clientes<\/span>\n\t\t\t\t\t\t\t\t\t<\/li>\n\t\t\t\t\t\t<\/ul>\n\t\t\t\t\t\t<\/div>\n\t\t\t\t<\/div>\n\t\t\t\t<div class=\"elementor-element elementor-element-97326aa elementor-widget elementor-widget-text-editor\" data-id=\"97326aa\" data-element_type=\"widget\" data-e-type=\"widget\" data-widget_type=\"text-editor.default\">\n\t\t\t\t<div class=\"elementor-widget-container\">\n\t\t\t\t\t\t\t\t\t<p>Lorem Ipsum es un texto de marcador de posici\u00f3n com\u00fanmente utilizado en las industrias gr\u00e1ficas, gr\u00e1ficas y editoriales para previsualizar dise\u00f1os y maquetas visuales.<\/p>\t\t\t\t\t\t\t\t<\/div>\n\t\t\t\t<\/div>\n\t\t\t\t<div class=\"elementor-element elementor-element-fae4dce elementor-widget elementor-widget-text-editor\" data-id=\"fae4dce\" data-element_type=\"widget\" data-e-type=\"widget\" data-widget_type=\"text-editor.default\">\n\t\t\t\t<div class=\"elementor-widget-container\">\n\t\t\t\t\t\t\t\t\t<p>Lorem Ipsum es un texto de marcador de posici\u00f3n com\u00fanmente utilizado en las industrias gr\u00e1ficas, gr\u00e1ficas y editoriales para previsualizar dise\u00f1os y maquetas visuales.<\/p>\t\t\t\t\t\t\t\t<\/div>\n\t\t\t\t<\/div>\n\t\t\t\t<div class=\"elementor-element elementor-element-51087a5 elementor-widget elementor-widget-text-editor\" data-id=\"51087a5\" data-element_type=\"widget\" data-e-type=\"widget\" data-widget_type=\"text-editor.default\">\n\t\t\t\t<div class=\"elementor-widget-container\">\n\t\t\t\t\t\t\t\t\t<p>Lorem Ipsum es un texto de marcador de posici\u00f3n com\u00fanmente utilizado en las industrias gr\u00e1ficas, gr\u00e1ficas y editoriales para previsualizar dise\u00f1os y maquetas visuales.<\/p>\t\t\t\t\t\t\t\t<\/div>\n\t\t\t\t<\/div>\n\t\t\t\t\t<\/div>\n\t\t<\/div>\n\t\t\t\t\t<\/div>\n\t\t<\/section>\n\t\t\t\t<\/div>\n\t\t","protected":false},"excerpt":{"rendered":"<p>Servicios en l\u00ednea Aqu\u00ed en Impuestos Internacionales \u00a1Tambi\u00e9n ofrecemos servicios en l\u00ednea! N\u00f3mina de sueldos Preparaci\u00f3n de impuestos sobre la renta reloj de tiempo acceso de clientes Lorem Ipsum es un texto de marcador de posici\u00f3n com\u00fanmente utilizado en las industrias gr\u00e1ficas, gr\u00e1ficas y editoriales para previsualizar dise\u00f1os y maquetas visuales. Lorem Ipsum es un [&hellip;]<\/p>\n","protected":false},"author":5,"featured_media":0,"parent":0,"menu_order":0,"comment_status":"closed","ping_status":"closed","template":"elementor_header_footer","meta":{"footnotes":""},"class_list":["post-1009","page","type-page","status-publish","hentry"],"_links":{"self":[{"href":"https:\/\/cluster.viberdm.com\/internationaltax\/wp-json\/wp\/v2\/pages\/1009","targetHints":{"allow":["GET"]}}],"collection":[{"href":"https:\/\/cluster.viberdm.com\/internationaltax\/wp-json\/wp\/v2\/pages"}],"about":[{"href":"https:\/\/cluster.viberdm.com\/internationaltax\/wp-json\/wp\/v2\/types\/page"}],"author":[{"embeddable":true,"href":"https:\/\/cluster.viberdm.com\/internationaltax\/wp-json\/wp\/v2\/users\/5"}],"replies":[{"embeddable":true,"href":"https:\/\/cluster.viberdm.com\/internationaltax\/wp-json\/wp\/v2\/comments?post=1009"}],"version-history":[{"count":0,"href":"https:\/\/cluster.viberdm.com\/internationaltax\/wp-json\/wp\/v2\/pages\/1009\/revisions"}],"wp:attachment":[{"href":"https:\/\/cluster.viberdm.com\/internationaltax\/wp-json\/wp\/v2\/media?parent=1009"}],"curies":[{"name":"wp","href":"https:\/\/api.w.org\/{rel}","templated":true}]}}