{"id":1276,"date":"2023-08-10T06:04:25","date_gmt":"2023-08-10T06:04:25","guid":{"rendered":"https:\/\/cluster.viberdm.com\/internationaltax\/?page_id=1276"},"modified":"2023-08-10T06:06:32","modified_gmt":"2023-08-10T06:06:32","slug":"consultoria-empresarial","status":"publish","type":"page","link":"https:\/\/cluster.viberdm.com\/internationaltax\/consultoria-empresarial\/","title":{"rendered":"Consultor\u00eda Empresarial"},"content":{"rendered":"\t\t<div data-elementor-type=\"wp-page\" data-elementor-id=\"1276\" class=\"elementor elementor-1276\" data-elementor-post-type=\"page\">\n\t\t\t\t\t\t<section class=\"elementor-section elementor-top-section elementor-element elementor-element-e58367e elementor-section-height-min-height elementor-section-boxed elementor-section-height-default elementor-section-items-middle\" data-id=\"e58367e\" data-element_type=\"section\" data-e-type=\"section\" data-settings=\"{&quot;background_background&quot;:&quot;classic&quot;}\">\n\t\t\t\t\t\t<div class=\"elementor-container elementor-column-gap-default\">\n\t\t\t\t\t<div class=\"elementor-column elementor-col-100 elementor-top-column elementor-element elementor-element-e96a3d5\" data-id=\"e96a3d5\" data-element_type=\"column\" data-e-type=\"column\">\n\t\t\t<div class=\"elementor-widget-wrap elementor-element-populated\">\n\t\t\t\t\t\t<div class=\"elementor-element elementor-element-d6f5f5b elementor-widget elementor-widget-heading\" data-id=\"d6f5f5b\" data-element_type=\"widget\" data-e-type=\"widget\" data-widget_type=\"heading.default\">\n\t\t\t\t<div class=\"elementor-widget-container\">\n\t\t\t\t\t<h1 class=\"elementor-heading-title elementor-size-default\">Consultor\u00eda Empresarial<\/h1>\t\t\t\t<\/div>\n\t\t\t\t<\/div>\n\t\t\t\t\t<\/div>\n\t\t<\/div>\n\t\t\t\t\t<\/div>\n\t\t<\/section>\n\t\t\t\t<section class=\"elementor-section elementor-top-section elementor-element elementor-element-13038da elementor-section-boxed elementor-section-height-default elementor-section-height-default\" data-id=\"13038da\" data-element_type=\"section\" data-e-type=\"section\">\n\t\t\t\t\t\t<div class=\"elementor-container elementor-column-gap-wider\">\n\t\t\t\t\t<div class=\"elementor-column elementor-col-33 elementor-top-column elementor-element elementor-element-1bee3e3\" data-id=\"1bee3e3\" data-element_type=\"column\" data-e-type=\"column\">\n\t\t\t<div class=\"elementor-widget-wrap elementor-element-populated\">\n\t\t\t\t\t\t<div class=\"elementor-element elementor-element-e4e6a3d elementor-widget elementor-widget-image\" data-id=\"e4e6a3d\" data-element_type=\"widget\" data-e-type=\"widget\" data-widget_type=\"image.default\">\n\t\t\t\t<div class=\"elementor-widget-container\">\n\t\t\t\t\t\t\t\t\t\t\t\t\t\t\t<img fetchpriority=\"high\" decoding=\"async\" width=\"730\" height=\"697\" src=\"https:\/\/cluster.viberdm.com\/internationaltax\/wp-content\/uploads\/sites\/3\/2019\/10\/1.png\" class=\"attachment-full size-full wp-image-69\" alt=\"\" srcset=\"https:\/\/cluster.viberdm.com\/internationaltax\/wp-content\/uploads\/sites\/3\/2019\/10\/1.png 730w, https:\/\/cluster.viberdm.com\/internationaltax\/wp-content\/uploads\/sites\/3\/2019\/10\/1-300x286.png 300w\" sizes=\"(max-width: 730px) 100vw, 730px\" \/>\t\t\t\t\t\t\t\t\t\t\t\t\t\t\t<\/div>\n\t\t\t\t<\/div>\n\t\t\t\t\t<\/div>\n\t\t<\/div>\n\t\t\t\t<div class=\"elementor-column elementor-col-66 elementor-top-column elementor-element elementor-element-4175eb7\" data-id=\"4175eb7\" data-element_type=\"column\" data-e-type=\"column\">\n\t\t\t<div class=\"elementor-widget-wrap elementor-element-populated\">\n\t\t\t\t\t\t<div class=\"elementor-element elementor-element-019de54 elementor-widget elementor-widget-heading\" data-id=\"019de54\" data-element_type=\"widget\" data-e-type=\"widget\" data-widget_type=\"heading.default\">\n\t\t\t\t<div class=\"elementor-widget-container\">\n\t\t\t\t\t<h2 class=\"elementor-heading-title elementor-size-default\">Aqu\u00ed en Impuestos Internacionales<\/h2>\t\t\t\t<\/div>\n\t\t\t\t<\/div>\n\t\t\t\t<div class=\"elementor-element elementor-element-2f9474d elementor-widget elementor-widget-heading\" data-id=\"2f9474d\" data-element_type=\"widget\" data-e-type=\"widget\" data-widget_type=\"heading.default\">\n\t\t\t\t<div class=\"elementor-widget-container\">\n\t\t\t\t\t<h2 class=\"elementor-heading-title elementor-size-default\">Consultor\u00eda de Negocios Fiscales Internacionales<\/h2>\t\t\t\t<\/div>\n\t\t\t\t<\/div>\n\t\t\t\t<div class=\"elementor-element elementor-element-1b36f24 elementor-widget elementor-widget-text-editor\" data-id=\"1b36f24\" data-element_type=\"widget\" data-e-type=\"widget\" data-widget_type=\"text-editor.default\">\n\t\t\t\t<div class=\"elementor-widget-container\">\n\t\t\t\t\t\t\t\t\t<p>Lorem Ipsum es un texto de marcador de posici\u00f3n com\u00fanmente utilizado en las industrias gr\u00e1ficas, gr\u00e1ficas y editoriales para previsualizar dise\u00f1os y maquetas visuales.<\/p><p>Lorem Ipsum es un texto de marcador de posici\u00f3n com\u00fanmente utilizado en las industrias gr\u00e1ficas, gr\u00e1ficas y editoriales para previsualizar dise\u00f1os y maquetas visuales.<\/p>\t\t\t\t\t\t\t\t<\/div>\n\t\t\t\t<\/div>\n\t\t\t\t<div class=\"elementor-element elementor-element-055fddd elementor-widget elementor-widget-text-editor\" data-id=\"055fddd\" data-element_type=\"widget\" data-e-type=\"widget\" data-widget_type=\"text-editor.default\">\n\t\t\t\t<div class=\"elementor-widget-container\">\n\t\t\t\t\t\t\t\t\t<p>Lorem Ipsum es un texto de marcador de posici\u00f3n com\u00fanmente utilizado en las industrias gr\u00e1ficas, gr\u00e1ficas y editoriales para previsualizar dise\u00f1os y maquetas visuales.<\/p>\t\t\t\t\t\t\t\t<\/div>\n\t\t\t\t<\/div>\n\t\t\t\t<div class=\"elementor-element elementor-element-27b1511 elementor-widget elementor-widget-text-editor\" data-id=\"27b1511\" data-element_type=\"widget\" data-e-type=\"widget\" data-widget_type=\"text-editor.default\">\n\t\t\t\t<div class=\"elementor-widget-container\">\n\t\t\t\t\t\t\t\t\t<p>Lorem Ipsum es un texto de marcador de posici\u00f3n com\u00fanmente utilizado en las industrias gr\u00e1ficas, gr\u00e1ficas y editoriales para previsualizar dise\u00f1os y maquetas visuales.<\/p>\t\t\t\t\t\t\t\t<\/div>\n\t\t\t\t<\/div>\n\t\t\t\t<div class=\"elementor-element elementor-element-7985151 elementor-widget elementor-widget-text-editor\" data-id=\"7985151\" data-element_type=\"widget\" data-e-type=\"widget\" data-widget_type=\"text-editor.default\">\n\t\t\t\t<div class=\"elementor-widget-container\">\n\t\t\t\t\t\t\t\t\t<p>Lorem Ipsum es un texto de marcador de posici\u00f3n com\u00fanmente utilizado en las industrias gr\u00e1ficas, gr\u00e1ficas y editoriales para previsualizar dise\u00f1os y maquetas visuales.<\/p>\t\t\t\t\t\t\t\t<\/div>\n\t\t\t\t<\/div>\n\t\t\t\t\t<\/div>\n\t\t<\/div>\n\t\t\t\t\t<\/div>\n\t\t<\/section>\n\t\t\t\t<\/div>\n\t\t","protected":false},"excerpt":{"rendered":"<p>Consultor\u00eda Empresarial Aqu\u00ed en Impuestos Internacionales Consultor\u00eda de Negocios Fiscales Internacionales Lorem Ipsum es un texto de marcador de posici\u00f3n com\u00fanmente utilizado en las industrias gr\u00e1ficas, gr\u00e1ficas y editoriales para previsualizar dise\u00f1os y maquetas visuales. Lorem Ipsum es un texto de marcador de posici\u00f3n com\u00fanmente utilizado en las industrias gr\u00e1ficas, gr\u00e1ficas y editoriales para previsualizar [&hellip;]<\/p>\n","protected":false},"author":5,"featured_media":0,"parent":0,"menu_order":0,"comment_status":"closed","ping_status":"closed","template":"elementor_header_footer","meta":{"footnotes":""},"class_list":["post-1276","page","type-page","status-publish","hentry"],"_links":{"self":[{"href":"https:\/\/cluster.viberdm.com\/internationaltax\/wp-json\/wp\/v2\/pages\/1276","targetHints":{"allow":["GET"]}}],"collection":[{"href":"https:\/\/cluster.viberdm.com\/internationaltax\/wp-json\/wp\/v2\/pages"}],"about":[{"href":"https:\/\/cluster.viberdm.com\/internationaltax\/wp-json\/wp\/v2\/types\/page"}],"author":[{"embeddable":true,"href":"https:\/\/cluster.viberdm.com\/internationaltax\/wp-json\/wp\/v2\/users\/5"}],"replies":[{"embeddable":true,"href":"https:\/\/cluster.viberdm.com\/internationaltax\/wp-json\/wp\/v2\/comments?post=1276"}],"version-history":[{"count":0,"href":"https:\/\/cluster.viberdm.com\/internationaltax\/wp-json\/wp\/v2\/pages\/1276\/revisions"}],"wp:attachment":[{"href":"https:\/\/cluster.viberdm.com\/internationaltax\/wp-json\/wp\/v2\/media?parent=1276"}],"curies":[{"name":"wp","href":"https:\/\/api.w.org\/{rel}","templated":true}]}}