{"id":1388,"date":"2023-08-12T10:15:14","date_gmt":"2023-08-12T10:15:14","guid":{"rendered":"https:\/\/cluster.viberdm.com\/internationaltax\/?page_id=1388"},"modified":"2023-08-12T10:16:56","modified_gmt":"2023-08-12T10:16:56","slug":"programa-de-contabilidad","status":"publish","type":"page","link":"https:\/\/cluster.viberdm.com\/internationaltax\/programa-de-contabilidad\/","title":{"rendered":"Programa de contabilidad"},"content":{"rendered":"\t\t<div data-elementor-type=\"wp-page\" data-elementor-id=\"1388\" class=\"elementor elementor-1388\" data-elementor-post-type=\"page\">\n\t\t\t\t\t\t<section class=\"elementor-section elementor-top-section elementor-element elementor-element-db07fb6 elementor-section-height-min-height elementor-section-boxed elementor-section-height-default elementor-section-items-middle\" data-id=\"db07fb6\" data-element_type=\"section\" data-e-type=\"section\" data-settings=\"{&quot;background_background&quot;:&quot;classic&quot;}\">\n\t\t\t\t\t\t<div class=\"elementor-container elementor-column-gap-default\">\n\t\t\t\t\t<div class=\"elementor-column elementor-col-100 elementor-top-column elementor-element elementor-element-1c5e7b8\" data-id=\"1c5e7b8\" data-element_type=\"column\" data-e-type=\"column\">\n\t\t\t<div class=\"elementor-widget-wrap elementor-element-populated\">\n\t\t\t\t\t\t<div class=\"elementor-element elementor-element-c809561 elementor-widget elementor-widget-heading\" data-id=\"c809561\" data-element_type=\"widget\" data-e-type=\"widget\" data-widget_type=\"heading.default\">\n\t\t\t\t<div class=\"elementor-widget-container\">\n\t\t\t\t\t<h1 class=\"elementor-heading-title elementor-size-default\">Programa de contabilidad<\/h1>\t\t\t\t<\/div>\n\t\t\t\t<\/div>\n\t\t\t\t\t<\/div>\n\t\t<\/div>\n\t\t\t\t\t<\/div>\n\t\t<\/section>\n\t\t\t\t<section class=\"elementor-section elementor-top-section elementor-element elementor-element-6337707 elementor-section-boxed elementor-section-height-default elementor-section-height-default\" data-id=\"6337707\" data-element_type=\"section\" data-e-type=\"section\">\n\t\t\t\t\t\t<div class=\"elementor-container elementor-column-gap-wider\">\n\t\t\t\t\t<div class=\"elementor-column elementor-col-33 elementor-top-column elementor-element elementor-element-9de120d\" data-id=\"9de120d\" data-element_type=\"column\" data-e-type=\"column\">\n\t\t\t<div class=\"elementor-widget-wrap elementor-element-populated\">\n\t\t\t\t\t\t<div class=\"elementor-element elementor-element-45f8117 elementor-widget elementor-widget-image\" data-id=\"45f8117\" data-element_type=\"widget\" data-e-type=\"widget\" data-widget_type=\"image.default\">\n\t\t\t\t<div class=\"elementor-widget-container\">\n\t\t\t\t\t\t\t\t\t\t\t\t\t\t\t<img fetchpriority=\"high\" decoding=\"async\" width=\"730\" height=\"697\" src=\"https:\/\/cluster.viberdm.com\/internationaltax\/wp-content\/uploads\/sites\/3\/2019\/10\/1.png\" class=\"attachment-full size-full wp-image-69\" alt=\"\" srcset=\"https:\/\/cluster.viberdm.com\/internationaltax\/wp-content\/uploads\/sites\/3\/2019\/10\/1.png 730w, https:\/\/cluster.viberdm.com\/internationaltax\/wp-content\/uploads\/sites\/3\/2019\/10\/1-300x286.png 300w\" sizes=\"(max-width: 730px) 100vw, 730px\" \/>\t\t\t\t\t\t\t\t\t\t\t\t\t\t\t<\/div>\n\t\t\t\t<\/div>\n\t\t\t\t\t<\/div>\n\t\t<\/div>\n\t\t\t\t<div class=\"elementor-column elementor-col-66 elementor-top-column elementor-element elementor-element-4898a52\" data-id=\"4898a52\" data-element_type=\"column\" data-e-type=\"column\">\n\t\t\t<div class=\"elementor-widget-wrap elementor-element-populated\">\n\t\t\t\t\t\t<div class=\"elementor-element elementor-element-80335d1 elementor-widget elementor-widget-heading\" data-id=\"80335d1\" data-element_type=\"widget\" data-e-type=\"widget\" data-widget_type=\"heading.default\">\n\t\t\t\t<div class=\"elementor-widget-container\">\n\t\t\t\t\t<h2 class=\"elementor-heading-title elementor-size-default\">Aqu\u00ed en Impuestos Internacionales<\/h2>\t\t\t\t<\/div>\n\t\t\t\t<\/div>\n\t\t\t\t<div class=\"elementor-element elementor-element-4c13730 elementor-widget elementor-widget-heading\" data-id=\"4c13730\" data-element_type=\"widget\" data-e-type=\"widget\" data-widget_type=\"heading.default\">\n\t\t\t\t<div class=\"elementor-widget-container\">\n\t\t\t\t\t<h2 class=\"elementor-heading-title elementor-size-default\">Software de contabilidad fiscal internacional<\/h2>\t\t\t\t<\/div>\n\t\t\t\t<\/div>\n\t\t\t\t<div class=\"elementor-element elementor-element-be5ea2e elementor-widget elementor-widget-text-editor\" data-id=\"be5ea2e\" data-element_type=\"widget\" data-e-type=\"widget\" data-widget_type=\"text-editor.default\">\n\t\t\t\t<div class=\"elementor-widget-container\">\n\t\t\t\t\t\t\t\t\t<p>Lorem Ipsum es un texto de marcador de posici\u00f3n com\u00fanmente utilizado en las industrias gr\u00e1ficas, gr\u00e1ficas y editoriales para previsualizar dise\u00f1os y maquetas visuales.<\/p>\t\t\t\t\t\t\t\t<\/div>\n\t\t\t\t<\/div>\n\t\t\t\t<div class=\"elementor-element elementor-element-ee11803 elementor-widget elementor-widget-text-editor\" data-id=\"ee11803\" data-element_type=\"widget\" data-e-type=\"widget\" data-widget_type=\"text-editor.default\">\n\t\t\t\t<div class=\"elementor-widget-container\">\n\t\t\t\t\t\t\t\t\t<p>Lorem Ipsum es un texto de marcador de posici\u00f3n com\u00fanmente utilizado en las industrias gr\u00e1ficas, gr\u00e1ficas y editoriales para previsualizar dise\u00f1os y maquetas visuales.<\/p>\t\t\t\t\t\t\t\t<\/div>\n\t\t\t\t<\/div>\n\t\t\t\t<div class=\"elementor-element elementor-element-2f4808f elementor-widget elementor-widget-text-editor\" data-id=\"2f4808f\" data-element_type=\"widget\" data-e-type=\"widget\" data-widget_type=\"text-editor.default\">\n\t\t\t\t<div class=\"elementor-widget-container\">\n\t\t\t\t\t\t\t\t\t<p>Lorem Ipsum es un texto de marcador de posici\u00f3n com\u00fanmente utilizado en las industrias gr\u00e1ficas, gr\u00e1ficas y editoriales para previsualizar dise\u00f1os y maquetas visuales.<\/p>\t\t\t\t\t\t\t\t<\/div>\n\t\t\t\t<\/div>\n\t\t\t\t<div class=\"elementor-element elementor-element-3d635bf elementor-widget elementor-widget-text-editor\" data-id=\"3d635bf\" data-element_type=\"widget\" data-e-type=\"widget\" data-widget_type=\"text-editor.default\">\n\t\t\t\t<div class=\"elementor-widget-container\">\n\t\t\t\t\t\t\t\t\t<p>Lorem Ipsum es un texto de marcador de posici\u00f3n com\u00fanmente utilizado en las industrias gr\u00e1ficas, gr\u00e1ficas y editoriales para previsualizar dise\u00f1os y maquetas visuales.<\/p>\t\t\t\t\t\t\t\t<\/div>\n\t\t\t\t<\/div>\n\t\t\t\t\t<\/div>\n\t\t<\/div>\n\t\t\t\t\t<\/div>\n\t\t<\/section>\n\t\t\t\t<\/div>\n\t\t","protected":false},"excerpt":{"rendered":"<p>Programa de contabilidad Aqu\u00ed en Impuestos Internacionales Software de contabilidad fiscal internacional Lorem Ipsum es un texto de marcador de posici\u00f3n com\u00fanmente utilizado en las industrias gr\u00e1ficas, gr\u00e1ficas y editoriales para previsualizar dise\u00f1os y maquetas visuales. Lorem Ipsum es un texto de marcador de posici\u00f3n com\u00fanmente utilizado en las industrias gr\u00e1ficas, gr\u00e1ficas y editoriales para [&hellip;]<\/p>\n","protected":false},"author":5,"featured_media":0,"parent":0,"menu_order":0,"comment_status":"closed","ping_status":"closed","template":"elementor_header_footer","meta":{"footnotes":""},"class_list":["post-1388","page","type-page","status-publish","hentry"],"_links":{"self":[{"href":"https:\/\/cluster.viberdm.com\/internationaltax\/wp-json\/wp\/v2\/pages\/1388","targetHints":{"allow":["GET"]}}],"collection":[{"href":"https:\/\/cluster.viberdm.com\/internationaltax\/wp-json\/wp\/v2\/pages"}],"about":[{"href":"https:\/\/cluster.viberdm.com\/internationaltax\/wp-json\/wp\/v2\/types\/page"}],"author":[{"embeddable":true,"href":"https:\/\/cluster.viberdm.com\/internationaltax\/wp-json\/wp\/v2\/users\/5"}],"replies":[{"embeddable":true,"href":"https:\/\/cluster.viberdm.com\/internationaltax\/wp-json\/wp\/v2\/comments?post=1388"}],"version-history":[{"count":0,"href":"https:\/\/cluster.viberdm.com\/internationaltax\/wp-json\/wp\/v2\/pages\/1388\/revisions"}],"wp:attachment":[{"href":"https:\/\/cluster.viberdm.com\/internationaltax\/wp-json\/wp\/v2\/media?parent=1388"}],"curies":[{"name":"wp","href":"https:\/\/api.w.org\/{rel}","templated":true}]}}